{"id":51,"date":"2024-03-08T02:18:45","date_gmt":"2024-03-08T02:18:45","guid":{"rendered":"https:\/\/monterrey.azmovimiento.com\/?page_id=51"},"modified":"2024-03-11T17:25:52","modified_gmt":"2024-03-11T17:25:52","slug":"aviso-de-privacidad","status":"publish","type":"page","link":"https:\/\/monterrey.azmovimiento.com\/index.php\/aviso-de-privacidad\/","title":{"rendered":"Aviso de privacidad"},"content":{"rendered":"\t\t<div data-elementor-type=\"wp-page\" data-elementor-id=\"51\" class=\"elementor elementor-51\" data-elementor-post-type=\"page\">\n\t\t\t\t<div class=\"elementor-element elementor-element-76dc1cd e-flex e-con-boxed e-con e-parent\" data-id=\"76dc1cd\" data-element_type=\"container\">\n\t\t\t\t\t<div class=\"e-con-inner\">\n\t\t<div class=\"elementor-element elementor-element-a033bc5 e-flex e-con-boxed e-con e-child\" data-id=\"a033bc5\" data-element_type=\"container\">\n\t\t\t\t\t<div class=\"e-con-inner\">\n\t\t\t\t<div class=\"elementor-element elementor-element-381a009 elementor-widget elementor-widget-text-editor\" data-id=\"381a009\" data-element_type=\"widget\" data-widget_type=\"text-editor.default\">\n\t\t\t\t<div class=\"elementor-widget-container\">\n\t\t\t\t\t\t\t\t\t<div data-id=\"a2d411e\" data-element_type=\"widget\" data-widget_type=\"text-editor.default\">\n<div>\n<h5><b>AVISO DE PRIVACIDAD<\/b><\/h5>\n<p>De acuerdo a lo Previsto en la&nbsp;<a href=\"http:\/\/www.diputados.gob.mx\/LeyesBiblio\/pdf\/LFPDPPP.pdf\" target=\"_blank\" rel=\"noopener\">\u201cLey Federal de Protecci\u00f3n de Datos Personales\u201d<\/a>, declara&nbsp;<b>AZ Movimiento de Tierras, Construcci\u00f3n y Dise\u00f1o S.A. de C.V.&nbsp;<\/b>ser una empresa responsable del tratamiento de sus datos personales, hace de su conocimiento que la informaci\u00f3n de nuestros clientes es tratada de forma estrictamente confidencial por lo que al proporcionar sus datos personales, tales como:<br>1. Nombre.<br>2. Tel\u00e9fono<br>3. Correo Electr\u00f3nico.<\/p>\n<p>Estos ser\u00e1n utilizados \u00fanica y exclusivamente para los siguientes fines:<\/p>\n<p>1. Informaci\u00f3n y Prestaci\u00f3n de Servicios.<br>2. Actualizaci\u00f3n de la Base de Datos.<br>3. Cualquier finalidad an\u00e1loga o compatible con las anteriores.<\/p>\n<p>Para prevenir el acceso no autorizado a sus datos personales y con el fin de asegurar que la informaci\u00f3n sea utilizada para los fines establecidos en este aviso de privacidad, hemos establecido diversos procedimientos con la finalidad de evitar el uso o divulgaci\u00f3n no autorizados de sus datos, permiti\u00e9ndonos tratarlos debidamente.<\/p>\n<\/div>\n<\/div>\n<div data-id=\"d63bad3\" data-element_type=\"widget\" data-widget_type=\"heading.default\">\n<div>\n<h5><b>AVISO DE COOKIES<\/b><\/h5>\n<h5>Aspectos<strong>&nbsp;espec\u00edficos de privacidad en nuestro sitio web<\/strong><\/h5>\n<\/div>\n<div>\n<section data-id=\"27ad245\" data-element_type=\"section\">\n<div>\n<div>\n<div data-id=\"212d01e\" data-element_type=\"column\">\n<div>\n<div>\n<div data-id=\"356c406\" data-element_type=\"widget\" data-widget_type=\"text-editor.default\">\n<div>\n<div>\n<p><u><em>Cookies<\/em><\/u><br>En nuestro Sitio web utilizamos \u201c<em>cookies<\/em>\u201c. Las&nbsp;<em>cookies<\/em>&nbsp;son peque\u00f1os archivos de datos que se almacenan en el disco duro de su equipo de c\u00f3mputo o del dispositivo de comunicaci\u00f3n electr\u00f3nica que usted utiliza cuando navega en nuestro Sitio. Estos archivos de datos permiten intercambiar informaci\u00f3n de estado entre nuestro Sitio web y el navegador que usted utiliza. La \u201cinformaci\u00f3n de estado\u201d puede revelar medios de identificaci\u00f3n de sesi\u00f3n, medios de autenticaci\u00f3n o sus preferencias como usuario, as\u00ed como cualquier otro dato almacenado por el navegador respecto del Sitio web.<\/p>\n<p>Las&nbsp;<em>cookies<\/em>&nbsp;nos permiten monitorear el comportamiento de un usuario en l\u00ednea. Utilizamos la informaci\u00f3n que es obtenida a trav\u00e9s de&nbsp;<em>cookies<\/em>&nbsp;para ayudarnos a optimizar su experiencia de compra. A trav\u00e9s del uso de&nbsp;<em>cookies<\/em>&nbsp;podemos, por ejemplo, personalizar en su favor nuestra p\u00e1gina de inicio de manera que nuestras pantallas se desplieguen de mejor manera de acuerdo a su tipo de navegador.<\/p>\n<p>Las&nbsp;<em>cookies<\/em>&nbsp;tambi\u00e9n nos permiten ofrecerle recomendaciones personalizadas respecto de productos, y correos electr\u00f3nicos.<\/p>\n<p>Las&nbsp;<em>cookies<\/em>&nbsp;no son software esp\u00eda, y&nbsp;AZ Movimiento de Tierras, Construcci\u00f3n y Dise\u00f1o S.A. de C.V. no recopila datos de m\u00faltiples sitios o comparte con terceros la informaci\u00f3n que obtenemos a trav\u00e9s de&nbsp;<em>cookies<\/em>.<\/p>\n<p>Como la mayor\u00eda de los sitios web, nuestros servidores registran su direcci\u00f3n IP, la direcci\u00f3n URL desde la que accedi\u00f3 a nuestro Sitio web, el tipo de navegador, y la fecha y hora de sus compras y otras actividades. Utilizamos esta informaci\u00f3n para la administraci\u00f3n del sistema, soluci\u00f3n de problemas t\u00e9cnicos, investigaci\u00f3n de fraudes y para nuestras comunicaciones con usted.<\/p>\n<p>Por \u00faltimo, le informamos que el Sitio web utiliza web beacons. Los web beacons tambi\u00e9n nos permiten monitorear su comportamiento en medios electr\u00f3nicos Utilizamos web beacons para determinar cu\u00e1ndo y cu\u00e1ntas veces una p\u00e1gina ha sido vista.<\/p>\n<p>Utilizamos esta informaci\u00f3n para fines de mercadotecnia, pero \u00fanicamente para nuestras propias pr\u00e1cticas de mercadotecnia.<\/p>\n<p>Su navegador aceptar\u00e1 las&nbsp;<em>cookies<\/em>&nbsp;y permitir\u00e1 la recolecci\u00f3n autom\u00e1tica de informaci\u00f3n a menos que usted cambie la configuraci\u00f3n predeterminada del navegador. La mayor\u00eda de navegadores web permiten que usted pueda gestionar sus preferencias de&nbsp;<em>cookies<\/em>.<\/p>\n<p>Puede ajustar su navegador para que rechace o elimine&nbsp;<em>cookies<\/em>. Los siguientes links muestran como ajustar la configuraci\u00f3n del navegador de los navegadores que son utilizados con m\u00e1s frecuencia:<\/p>\n<p><a href=\"http:\/\/windows.microsoft.com\/es-ES\/windows-vista\/Block-or-allow-cookies\">Internet Explorer<\/a><br><a href=\"https:\/\/support.mozilla.org\/es\/kb\/habilitar-y-deshabilitar-cookies-que-los-sitios-we\">Firefox<\/a><br><a href=\"https:\/\/support.apple.com\/kb\/index?page=search&amp;fac=all&amp;q=cookies%20safari\">Safari<\/a><br><a href=\"https:\/\/support.google.com\/chrome\/bin\/answer.py?hl=es&amp;answer=95647\">Chrome<\/a><\/p>\n<p>Si se inhabilitan las cookies del Sitio web, nuestro Sitio no se cargar\u00e1 apropiadamente.<\/p>\n<\/div>\n<\/div>\n<\/div>\n<\/div>\n<\/div>\n<\/div>\n<\/div>\n<\/div>\n<\/section>\n<section data-id=\"e273c21\" data-element_type=\"section\">\n<div>\n<div>\n<div data-id=\"99a7e17\" data-element_type=\"column\">\n<div>\n<div>\n<div data-id=\"d65aef5\" data-element_type=\"widget\" data-widget_type=\"text-editor.default\">\n<div>\n<div>\n<table>\n<tbody>\n<tr>\n<th>Categor\u00edas de&nbsp;<em>Cookies<\/em><\/th>\n<th>\u00bfPor qu\u00e9 utilizamos estas&nbsp;<em>cookies<\/em>?<\/th>\n<\/tr>\n<tr>\n<td><strong>T\u00e9cnicas<\/strong><\/td>\n<td>Son&nbsp;<em>cookies<\/em>&nbsp;necesarias para el funcionamiento de un sitio web. Incluyen, por ejemplo,&nbsp;<em>cookies<\/em>&nbsp;que le permiten iniciar sesi\u00f3n en \u00e1reas seguras de un sitio web o comprar bienes por Internet.<\/td>\n<\/tr>\n<tr>\n<td><strong>Preferencias<\/strong><\/td>\n<td>Estas&nbsp;<em>cookies<\/em>&nbsp;permiten al usuario acceder al sitio web con determinadas funcionalidades generales predefinidas en el terminal del usuario de acuerdo con una serie de criterios (p. ej., idioma, tipo de navegador, ajustes geogr\u00e1ficos). Se utilizan para reconocer a un usuario cuando regresa a un sitio web. Estas&nbsp;<em>cookies<\/em>&nbsp;nos permiten personalizar el contenido para un usuario y recordar sus preferencias.<\/td>\n<\/tr>\n<tr>\n<td><strong>Seguridad<\/strong><\/td>\n<td>Utilizamos estas&nbsp;<em>cookies<\/em>&nbsp;para ayudar a identificar y prevenir riesgos para la seguridad.<\/td>\n<\/tr>\n<tr>\n<td><strong>Rendimiento<\/strong><\/td>\n<td>Utilizamos estas&nbsp;<em>cookies<\/em>&nbsp;para recoger informaci\u00f3n sobre c\u00f3mo interact\u00faa con nuestro sitio web y para ayudarnos a mejorarlo. Por ejemplo, podemos utilizar estas&nbsp;<em>cookies<\/em>&nbsp;para determinar si usted ha interactuado con una determinada p\u00e1gina web.<\/td>\n<\/tr>\n<tr>\n<td><strong>An\u00e1lisis<\/strong><\/td>\n<td>Estas&nbsp;<em>cookies<\/em>&nbsp;nos permiten entender mejor c\u00f3mo interact\u00faan nuestros usuarios con nuestro sitio web. Nos permiten reconocer y contar el n\u00famero de visitas y saber c\u00f3mo navegan en un sitio web cuando lo utilizan. Estas&nbsp;<em>cookies<\/em>&nbsp;nos ayudan a mejorar el modo en que funciona un sitio web, por ejemplo, garantizando que los usuarios encuentren lo que buscan f\u00e1cilmente. Podemos utilizar estas&nbsp;<em>cookies<\/em>&nbsp;para conocer m\u00e1s sobre qu\u00e9 funcionalidades son las m\u00e1s populares entre nuestros usuarios y d\u00f3nde necesitamos mejorar.<\/td>\n<\/tr>\n<\/tbody>\n<\/table>\n<p style=\"margin-block: 0px 0.9rem; margin-bottom: 0px; font-size: 16px; font-style: normal; font-weight: 400;\">\n<\/p><\/div>\n<\/div>\n<\/div>\n<\/div>\n<\/div>\n<\/div>\n<\/div>\n<\/div>\n<\/section>\n<\/div>\n<\/div>\t\t\t\t\t\t\t\t<\/div>\n\t\t\t\t<\/div>\n\t\t\t\t\t<\/div>\n\t\t\t\t<\/div>\n\t\t\t\t\t<\/div>\n\t\t\t\t<\/div>\n\t\t\t\t<\/div>\n\t\t","protected":false},"excerpt":{"rendered":"<p>AVISO DE PRIVACIDAD De acuerdo a lo Previsto en la&nbsp;\u201cLey Federal de Protecci\u00f3n de Datos Personales\u201d, declara&nbsp;AZ Movimiento de Tierras, [&hellip;]<\/p>\n","protected":false},"author":1,"featured_media":0,"parent":0,"menu_order":0,"comment_status":"closed","ping_status":"closed","template":"","meta":{"site-sidebar-layout":"no-sidebar","site-content-layout":"","ast-site-content-layout":"full-width-container","site-content-style":"default","site-sidebar-style":"default","ast-global-header-display":"","ast-banner-title-visibility":"","ast-main-header-display":"","ast-hfb-above-header-display":"","ast-hfb-below-header-display":"","ast-hfb-mobile-header-display":"","site-post-title":"disabled","ast-breadcrumbs-content":"","ast-featured-img":"disabled","footer-sml-layout":"","theme-transparent-header-meta":"","adv-header-id-meta":"","stick-header-meta":"","header-above-stick-meta":"","header-main-stick-meta":"","header-below-stick-meta":"","astra-migrate-meta-layouts":"default","ast-page-background-enabled":"default","ast-page-background-meta":{"desktop":{"background-color":"var(--ast-global-color-4)","background-image":"","background-repeat":"repeat","background-position":"center center","background-size":"auto","background-attachment":"scroll","background-type":"","background-media":"","overlay-type":"","overlay-color":"","overlay-opacity":"","overlay-gradient":""},"tablet":{"background-color":"","background-image":"","background-repeat":"repeat","background-position":"center center","background-size":"auto","background-attachment":"scroll","background-type":"","background-media":"","overlay-type":"","overlay-color":"","overlay-opacity":"","overlay-gradient":""},"mobile":{"background-color":"","background-image":"","background-repeat":"repeat","background-position":"center center","background-size":"auto","background-attachment":"scroll","background-type":"","background-media":"","overlay-type":"","overlay-color":"","overlay-opacity":"","overlay-gradient":""}},"ast-content-background-meta":{"desktop":{"background-color":"var(--ast-global-color-5)","background-image":"","background-repeat":"repeat","background-position":"center center","background-size":"auto","background-attachment":"scroll","background-type":"","background-media":"","overlay-type":"","overlay-color":"","overlay-opacity":"","overlay-gradient":""},"tablet":{"background-color":"var(--ast-global-color-5)","background-image":"","background-repeat":"repeat","background-position":"center center","background-size":"auto","background-attachment":"scroll","background-type":"","background-media":"","overlay-type":"","overlay-color":"","overlay-opacity":"","overlay-gradient":""},"mobile":{"background-color":"var(--ast-global-color-5)","background-image":"","background-repeat":"repeat","background-position":"center center","background-size":"auto","background-attachment":"scroll","background-type":"","background-media":"","overlay-type":"","overlay-color":"","overlay-opacity":"","overlay-gradient":""}},"_joinchat":[],"footnotes":""},"class_list":["post-51","page","type-page","status-publish","hentry"],"yoast_head":"<!-- This site is optimized with the Yoast SEO plugin v26.3 - https:\/\/yoast.com\/wordpress\/plugins\/seo\/ -->\n<title>Aviso de privacidad - Martillos Hidr\u00e1ulicos en Monterrey<\/title>\n<meta name=\"robots\" content=\"index, follow, max-snippet:-1, max-image-preview:large, max-video-preview:-1\" \/>\n<link rel=\"canonical\" href=\"https:\/\/monterrey.azmovimiento.com\/index.php\/aviso-de-privacidad\/\" \/>\n<meta property=\"og:locale\" content=\"en_US\" \/>\n<meta property=\"og:type\" content=\"article\" \/>\n<meta property=\"og:title\" content=\"Aviso de privacidad - Martillos Hidr\u00e1ulicos en Monterrey\" \/>\n<meta property=\"og:description\" content=\"AVISO DE PRIVACIDAD De acuerdo a lo Previsto en la&nbsp;\u201cLey Federal de Protecci\u00f3n de Datos Personales\u201d, declara&nbsp;AZ Movimiento de Tierras, [&hellip;]\" \/>\n<meta property=\"og:url\" content=\"https:\/\/monterrey.azmovimiento.com\/index.php\/aviso-de-privacidad\/\" \/>\n<meta property=\"og:site_name\" content=\"Martillos Hidr\u00e1ulicos en Monterrey\" \/>\n<meta property=\"article:modified_time\" content=\"2024-03-11T17:25:52+00:00\" \/>\n<meta name=\"twitter:card\" content=\"summary_large_image\" \/>\n<meta name=\"twitter:label1\" content=\"Est. reading time\" \/>\n\t<meta name=\"twitter:data1\" content=\"5 minutes\" \/>\n<script type=\"application\/ld+json\" class=\"yoast-schema-graph\">{\"@context\":\"https:\/\/schema.org\",\"@graph\":[{\"@type\":\"WebPage\",\"@id\":\"https:\/\/monterrey.azmovimiento.com\/index.php\/aviso-de-privacidad\/\",\"url\":\"https:\/\/monterrey.azmovimiento.com\/index.php\/aviso-de-privacidad\/\",\"name\":\"Aviso de privacidad - Martillos Hidr\u00e1ulicos en Monterrey\",\"isPartOf\":{\"@id\":\"https:\/\/monterrey.azmovimiento.com\/#website\"},\"datePublished\":\"2024-03-08T02:18:45+00:00\",\"dateModified\":\"2024-03-11T17:25:52+00:00\",\"breadcrumb\":{\"@id\":\"https:\/\/monterrey.azmovimiento.com\/index.php\/aviso-de-privacidad\/#breadcrumb\"},\"inLanguage\":\"en-US\",\"potentialAction\":[{\"@type\":\"ReadAction\",\"target\":[\"https:\/\/monterrey.azmovimiento.com\/index.php\/aviso-de-privacidad\/\"]}]},{\"@type\":\"BreadcrumbList\",\"@id\":\"https:\/\/monterrey.azmovimiento.com\/index.php\/aviso-de-privacidad\/#breadcrumb\",\"itemListElement\":[{\"@type\":\"ListItem\",\"position\":1,\"name\":\"Home\",\"item\":\"https:\/\/monterrey.azmovimiento.com\/\"},{\"@type\":\"ListItem\",\"position\":2,\"name\":\"Aviso de privacidad\"}]},{\"@type\":\"WebSite\",\"@id\":\"https:\/\/monterrey.azmovimiento.com\/#website\",\"url\":\"https:\/\/monterrey.azmovimiento.com\/\",\"name\":\"Martillos Hidr\u00e1ulicos en Monterrey\",\"description\":\"Equipo y maquinar\u00eda para construcci\u00f3n y demolici\u00f3n\",\"potentialAction\":[{\"@type\":\"SearchAction\",\"target\":{\"@type\":\"EntryPoint\",\"urlTemplate\":\"https:\/\/monterrey.azmovimiento.com\/?s={search_term_string}\"},\"query-input\":{\"@type\":\"PropertyValueSpecification\",\"valueRequired\":true,\"valueName\":\"search_term_string\"}}],\"inLanguage\":\"en-US\"}]}<\/script>\n<!-- \/ Yoast SEO plugin. -->","yoast_head_json":{"title":"Aviso de privacidad - Martillos Hidr\u00e1ulicos en Monterrey","robots":{"index":"index","follow":"follow","max-snippet":"max-snippet:-1","max-image-preview":"max-image-preview:large","max-video-preview":"max-video-preview:-1"},"canonical":"https:\/\/monterrey.azmovimiento.com\/index.php\/aviso-de-privacidad\/","og_locale":"en_US","og_type":"article","og_title":"Aviso de privacidad - Martillos Hidr\u00e1ulicos en Monterrey","og_description":"AVISO DE PRIVACIDAD De acuerdo a lo Previsto en la&nbsp;\u201cLey Federal de Protecci\u00f3n de Datos Personales\u201d, declara&nbsp;AZ Movimiento de Tierras, [&hellip;]","og_url":"https:\/\/monterrey.azmovimiento.com\/index.php\/aviso-de-privacidad\/","og_site_name":"Martillos Hidr\u00e1ulicos en Monterrey","article_modified_time":"2024-03-11T17:25:52+00:00","twitter_card":"summary_large_image","twitter_misc":{"Est. reading time":"5 minutes"},"schema":{"@context":"https:\/\/schema.org","@graph":[{"@type":"WebPage","@id":"https:\/\/monterrey.azmovimiento.com\/index.php\/aviso-de-privacidad\/","url":"https:\/\/monterrey.azmovimiento.com\/index.php\/aviso-de-privacidad\/","name":"Aviso de privacidad - Martillos Hidr\u00e1ulicos en Monterrey","isPartOf":{"@id":"https:\/\/monterrey.azmovimiento.com\/#website"},"datePublished":"2024-03-08T02:18:45+00:00","dateModified":"2024-03-11T17:25:52+00:00","breadcrumb":{"@id":"https:\/\/monterrey.azmovimiento.com\/index.php\/aviso-de-privacidad\/#breadcrumb"},"inLanguage":"en-US","potentialAction":[{"@type":"ReadAction","target":["https:\/\/monterrey.azmovimiento.com\/index.php\/aviso-de-privacidad\/"]}]},{"@type":"BreadcrumbList","@id":"https:\/\/monterrey.azmovimiento.com\/index.php\/aviso-de-privacidad\/#breadcrumb","itemListElement":[{"@type":"ListItem","position":1,"name":"Home","item":"https:\/\/monterrey.azmovimiento.com\/"},{"@type":"ListItem","position":2,"name":"Aviso de privacidad"}]},{"@type":"WebSite","@id":"https:\/\/monterrey.azmovimiento.com\/#website","url":"https:\/\/monterrey.azmovimiento.com\/","name":"Martillos Hidr\u00e1ulicos en Monterrey","description":"Equipo y maquinar\u00eda para construcci\u00f3n y demolici\u00f3n","potentialAction":[{"@type":"SearchAction","target":{"@type":"EntryPoint","urlTemplate":"https:\/\/monterrey.azmovimiento.com\/?s={search_term_string}"},"query-input":{"@type":"PropertyValueSpecification","valueRequired":true,"valueName":"search_term_string"}}],"inLanguage":"en-US"}]}},"_links":{"self":[{"href":"https:\/\/monterrey.azmovimiento.com\/index.php\/wp-json\/wp\/v2\/pages\/51","targetHints":{"allow":["GET"]}}],"collection":[{"href":"https:\/\/monterrey.azmovimiento.com\/index.php\/wp-json\/wp\/v2\/pages"}],"about":[{"href":"https:\/\/monterrey.azmovimiento.com\/index.php\/wp-json\/wp\/v2\/types\/page"}],"author":[{"embeddable":true,"href":"https:\/\/monterrey.azmovimiento.com\/index.php\/wp-json\/wp\/v2\/users\/1"}],"replies":[{"embeddable":true,"href":"https:\/\/monterrey.azmovimiento.com\/index.php\/wp-json\/wp\/v2\/comments?post=51"}],"version-history":[{"count":16,"href":"https:\/\/monterrey.azmovimiento.com\/index.php\/wp-json\/wp\/v2\/pages\/51\/revisions"}],"predecessor-version":[{"id":150,"href":"https:\/\/monterrey.azmovimiento.com\/index.php\/wp-json\/wp\/v2\/pages\/51\/revisions\/150"}],"wp:attachment":[{"href":"https:\/\/monterrey.azmovimiento.com\/index.php\/wp-json\/wp\/v2\/media?parent=51"}],"curies":[{"name":"wp","href":"https:\/\/api.w.org\/{rel}","templated":true}]}}