{"id":1587,"date":"2024-12-23T23:29:11","date_gmt":"2024-12-23T23:29:11","guid":{"rendered":"https:\/\/monterrey.azmovimiento.com\/?post_type=product&#038;p=1587"},"modified":"2025-01-30T00:15:49","modified_gmt":"2025-01-30T00:15:49","slug":"eddie190y","status":"publish","type":"product","link":"https:\/\/monterrey.azmovimiento.com\/index.php\/producto\/eddie190y\/","title":{"rendered":"EDDIE190Y"},"content":{"rendered":"<p><strong>Martillo hidr\u00e1ulico para excavadora de 45-80 toneladas<\/strong><\/p>\n<p><strong>Peso total:<\/strong> 5,578 kg<br \/>\n<strong>Tama\u00f1o (L*W*H):<\/strong> 4,067 * 912 * 938 mm<br \/>\n<strong>Caudal de aceite:<\/strong> 250 \u2013 350 l\/min<br \/>\n<strong>Presi\u00f3n hidr\u00e1ulica:<\/strong> 160 \u2013 180 kg\/cm<sup>2<\/sup><br \/>\n<strong>Frecuencia de impacto:<\/strong> Golpe largo: 320 &#8211; 430 bpm | Golpe corto: 410 &#8211; 570 bpm<br \/>\n<strong>Di\u00e1metro de cincel:<\/strong> 190 mm<br \/>\n<strong>Peso del portador:<\/strong> 45 &#8211; 80 t<br \/>\n<strong>Dispositivo:<\/strong> Grasera autom\u00e1tica, ABF y transmisi\u00f3n de dos velocidades.<\/p>\n","protected":false},"excerpt":{"rendered":"<p><a href=\"https:\/\/monterrey.azmovimiento.com\/wp-content\/uploads\/2025\/01\/EDDIE-Pure-100-Hydraulic-Hammer.pdf\" target=\"_blank\" rel=\"noopener\"> <i class=\"fa fa-arrow-circle-down\"><\/i> Descargar ficha t\u00e9cnica<\/a><\/p>\n","protected":false},"featured_media":1588,"comment_status":"open","ping_status":"closed","template":"","meta":{"site-sidebar-layout":"default","site-content-layout":"","ast-site-content-layout":"default","site-content-style":"default","site-sidebar-style":"default","ast-global-header-display":"","ast-banner-title-visibility":"","ast-main-header-display":"","ast-hfb-above-header-display":"","ast-hfb-below-header-display":"","ast-hfb-mobile-header-display":"","site-post-title":"","ast-breadcrumbs-content":"","ast-featured-img":"","footer-sml-layout":"","theme-transparent-header-meta":"default","adv-header-id-meta":"","stick-header-meta":"","header-above-stick-meta":"","header-main-stick-meta":"","header-below-stick-meta":"","astra-migrate-meta-layouts":"set","ast-page-background-enabled":"default","ast-page-background-meta":{"desktop":{"background-color":"var(--ast-global-color-4)","background-image":"","background-repeat":"repeat","background-position":"center center","background-size":"auto","background-attachment":"scroll","background-type":"","background-media":"","overlay-type":"","overlay-color":"","overlay-opacity":"","overlay-gradient":""},"tablet":{"background-color":"","background-image":"","background-repeat":"repeat","background-position":"center center","background-size":"auto","background-attachment":"scroll","background-type":"","background-media":"","overlay-type":"","overlay-color":"","overlay-opacity":"","overlay-gradient":""},"mobile":{"background-color":"","background-image":"","background-repeat":"repeat","background-position":"center center","background-size":"auto","background-attachment":"scroll","background-type":"","background-media":"","overlay-type":"","overlay-color":"","overlay-opacity":"","overlay-gradient":""}},"ast-content-background-meta":{"desktop":{"background-color":"var(--ast-global-color-5)","background-image":"","background-repeat":"repeat","background-position":"center center","background-size":"auto","background-attachment":"scroll","background-type":"","background-media":"","overlay-type":"","overlay-color":"","overlay-opacity":"","overlay-gradient":""},"tablet":{"background-color":"var(--ast-global-color-5)","background-image":"","background-repeat":"repeat","background-position":"center center","background-size":"auto","background-attachment":"scroll","background-type":"","background-media":"","overlay-type":"","overlay-color":"","overlay-opacity":"","overlay-gradient":""},"mobile":{"background-color":"var(--ast-global-color-5)","background-image":"","background-repeat":"repeat","background-position":"center center","background-size":"auto","background-attachment":"scroll","background-type":"","background-media":"","overlay-type":"","overlay-color":"","overlay-opacity":"","overlay-gradient":""}},"_joinchat":{"message_send":"Hola, me puedes dar m\u00e1s informaci\u00f3n sobre {PRODUCT}"}},"product_brand":[],"product_cat":[29],"product_tag":[],"class_list":{"0":"post-1587","1":"product","2":"type-product","3":"status-publish","4":"has-post-thumbnail","6":"product_cat-eddie-pure-hydraulic-hammer","7":"desktop-align-left","8":"tablet-align-left","9":"mobile-align-left","11":"first","12":"instock","13":"shipping-taxable","14":"product-type-simple"},"yoast_head":"<!-- This site is optimized with the Yoast SEO plugin v26.3 - https:\/\/yoast.com\/wordpress\/plugins\/seo\/ -->\n<title>EDDIE190Y - Martillos Hidr\u00e1ulicos en Monterrey<\/title>\n<meta name=\"robots\" content=\"index, follow, max-snippet:-1, max-image-preview:large, max-video-preview:-1\" \/>\n<link rel=\"canonical\" href=\"https:\/\/monterrey.azmovimiento.com\/index.php\/producto\/eddie190y\/\" \/>\n<meta property=\"og:locale\" content=\"en_US\" \/>\n<meta property=\"og:type\" content=\"article\" \/>\n<meta property=\"og:title\" content=\"EDDIE190Y - Martillos Hidr\u00e1ulicos en Monterrey\" \/>\n<meta property=\"og:description\" content=\"Descargar ficha t\u00e9cnica\" \/>\n<meta property=\"og:url\" content=\"https:\/\/monterrey.azmovimiento.com\/index.php\/producto\/eddie190y\/\" \/>\n<meta property=\"og:site_name\" content=\"Martillos Hidr\u00e1ulicos en Monterrey\" \/>\n<meta property=\"article:modified_time\" content=\"2025-01-30T00:15:49+00:00\" \/>\n<meta property=\"og:image\" content=\"https:\/\/monterrey.azmovimiento.com\/wp-content\/uploads\/2024\/12\/EDDIE190Y.jpg\" \/>\n\t<meta property=\"og:image:width\" content=\"600\" \/>\n\t<meta property=\"og:image:height\" content=\"600\" \/>\n\t<meta property=\"og:image:type\" content=\"image\/jpeg\" \/>\n<meta name=\"twitter:card\" content=\"summary_large_image\" \/>\n<script type=\"application\/ld+json\" class=\"yoast-schema-graph\">{\"@context\":\"https:\/\/schema.org\",\"@graph\":[{\"@type\":\"WebPage\",\"@id\":\"https:\/\/monterrey.azmovimiento.com\/index.php\/producto\/eddie190y\/\",\"url\":\"https:\/\/monterrey.azmovimiento.com\/index.php\/producto\/eddie190y\/\",\"name\":\"EDDIE190Y - Martillos Hidr\u00e1ulicos en Monterrey\",\"isPartOf\":{\"@id\":\"https:\/\/monterrey.azmovimiento.com\/#website\"},\"primaryImageOfPage\":{\"@id\":\"https:\/\/monterrey.azmovimiento.com\/index.php\/producto\/eddie190y\/#primaryimage\"},\"image\":{\"@id\":\"https:\/\/monterrey.azmovimiento.com\/index.php\/producto\/eddie190y\/#primaryimage\"},\"thumbnailUrl\":\"https:\/\/monterrey.azmovimiento.com\/wp-content\/uploads\/2024\/12\/EDDIE190Y.jpg\",\"datePublished\":\"2024-12-23T23:29:11+00:00\",\"dateModified\":\"2025-01-30T00:15:49+00:00\",\"breadcrumb\":{\"@id\":\"https:\/\/monterrey.azmovimiento.com\/index.php\/producto\/eddie190y\/#breadcrumb\"},\"inLanguage\":\"en-US\",\"potentialAction\":[{\"@type\":\"ReadAction\",\"target\":[\"https:\/\/monterrey.azmovimiento.com\/index.php\/producto\/eddie190y\/\"]}]},{\"@type\":\"ImageObject\",\"inLanguage\":\"en-US\",\"@id\":\"https:\/\/monterrey.azmovimiento.com\/index.php\/producto\/eddie190y\/#primaryimage\",\"url\":\"https:\/\/monterrey.azmovimiento.com\/wp-content\/uploads\/2024\/12\/EDDIE190Y.jpg\",\"contentUrl\":\"https:\/\/monterrey.azmovimiento.com\/wp-content\/uploads\/2024\/12\/EDDIE190Y.jpg\",\"width\":600,\"height\":600},{\"@type\":\"BreadcrumbList\",\"@id\":\"https:\/\/monterrey.azmovimiento.com\/index.php\/producto\/eddie190y\/#breadcrumb\",\"itemListElement\":[{\"@type\":\"ListItem\",\"position\":1,\"name\":\"Home\",\"item\":\"https:\/\/monterrey.azmovimiento.com\/\"},{\"@type\":\"ListItem\",\"position\":2,\"name\":\"Products\",\"item\":\"https:\/\/monterrey.azmovimiento.com\/index.php\/shop\/\"},{\"@type\":\"ListItem\",\"position\":3,\"name\":\"EDDIE190Y\"}]},{\"@type\":\"WebSite\",\"@id\":\"https:\/\/monterrey.azmovimiento.com\/#website\",\"url\":\"https:\/\/monterrey.azmovimiento.com\/\",\"name\":\"Martillos Hidr\u00e1ulicos en Monterrey\",\"description\":\"Equipo y maquinar\u00eda para construcci\u00f3n y demolici\u00f3n\",\"potentialAction\":[{\"@type\":\"SearchAction\",\"target\":{\"@type\":\"EntryPoint\",\"urlTemplate\":\"https:\/\/monterrey.azmovimiento.com\/?s={search_term_string}\"},\"query-input\":{\"@type\":\"PropertyValueSpecification\",\"valueRequired\":true,\"valueName\":\"search_term_string\"}}],\"inLanguage\":\"en-US\"}]}<\/script>\n<!-- \/ Yoast SEO plugin. -->","yoast_head_json":{"title":"EDDIE190Y - Martillos Hidr\u00e1ulicos en Monterrey","robots":{"index":"index","follow":"follow","max-snippet":"max-snippet:-1","max-image-preview":"max-image-preview:large","max-video-preview":"max-video-preview:-1"},"canonical":"https:\/\/monterrey.azmovimiento.com\/index.php\/producto\/eddie190y\/","og_locale":"en_US","og_type":"article","og_title":"EDDIE190Y - Martillos Hidr\u00e1ulicos en Monterrey","og_description":"Descargar ficha t\u00e9cnica","og_url":"https:\/\/monterrey.azmovimiento.com\/index.php\/producto\/eddie190y\/","og_site_name":"Martillos Hidr\u00e1ulicos en Monterrey","article_modified_time":"2025-01-30T00:15:49+00:00","og_image":[{"width":600,"height":600,"url":"https:\/\/monterrey.azmovimiento.com\/wp-content\/uploads\/2024\/12\/EDDIE190Y.jpg","type":"image\/jpeg"}],"twitter_card":"summary_large_image","schema":{"@context":"https:\/\/schema.org","@graph":[{"@type":"WebPage","@id":"https:\/\/monterrey.azmovimiento.com\/index.php\/producto\/eddie190y\/","url":"https:\/\/monterrey.azmovimiento.com\/index.php\/producto\/eddie190y\/","name":"EDDIE190Y - Martillos Hidr\u00e1ulicos en Monterrey","isPartOf":{"@id":"https:\/\/monterrey.azmovimiento.com\/#website"},"primaryImageOfPage":{"@id":"https:\/\/monterrey.azmovimiento.com\/index.php\/producto\/eddie190y\/#primaryimage"},"image":{"@id":"https:\/\/monterrey.azmovimiento.com\/index.php\/producto\/eddie190y\/#primaryimage"},"thumbnailUrl":"https:\/\/monterrey.azmovimiento.com\/wp-content\/uploads\/2024\/12\/EDDIE190Y.jpg","datePublished":"2024-12-23T23:29:11+00:00","dateModified":"2025-01-30T00:15:49+00:00","breadcrumb":{"@id":"https:\/\/monterrey.azmovimiento.com\/index.php\/producto\/eddie190y\/#breadcrumb"},"inLanguage":"en-US","potentialAction":[{"@type":"ReadAction","target":["https:\/\/monterrey.azmovimiento.com\/index.php\/producto\/eddie190y\/"]}]},{"@type":"ImageObject","inLanguage":"en-US","@id":"https:\/\/monterrey.azmovimiento.com\/index.php\/producto\/eddie190y\/#primaryimage","url":"https:\/\/monterrey.azmovimiento.com\/wp-content\/uploads\/2024\/12\/EDDIE190Y.jpg","contentUrl":"https:\/\/monterrey.azmovimiento.com\/wp-content\/uploads\/2024\/12\/EDDIE190Y.jpg","width":600,"height":600},{"@type":"BreadcrumbList","@id":"https:\/\/monterrey.azmovimiento.com\/index.php\/producto\/eddie190y\/#breadcrumb","itemListElement":[{"@type":"ListItem","position":1,"name":"Home","item":"https:\/\/monterrey.azmovimiento.com\/"},{"@type":"ListItem","position":2,"name":"Products","item":"https:\/\/monterrey.azmovimiento.com\/index.php\/shop\/"},{"@type":"ListItem","position":3,"name":"EDDIE190Y"}]},{"@type":"WebSite","@id":"https:\/\/monterrey.azmovimiento.com\/#website","url":"https:\/\/monterrey.azmovimiento.com\/","name":"Martillos Hidr\u00e1ulicos en Monterrey","description":"Equipo y maquinar\u00eda para construcci\u00f3n y demolici\u00f3n","potentialAction":[{"@type":"SearchAction","target":{"@type":"EntryPoint","urlTemplate":"https:\/\/monterrey.azmovimiento.com\/?s={search_term_string}"},"query-input":{"@type":"PropertyValueSpecification","valueRequired":true,"valueName":"search_term_string"}}],"inLanguage":"en-US"}]}},"_links":{"self":[{"href":"https:\/\/monterrey.azmovimiento.com\/index.php\/wp-json\/wp\/v2\/product\/1587","targetHints":{"allow":["GET"]}}],"collection":[{"href":"https:\/\/monterrey.azmovimiento.com\/index.php\/wp-json\/wp\/v2\/product"}],"about":[{"href":"https:\/\/monterrey.azmovimiento.com\/index.php\/wp-json\/wp\/v2\/types\/product"}],"replies":[{"embeddable":true,"href":"https:\/\/monterrey.azmovimiento.com\/index.php\/wp-json\/wp\/v2\/comments?post=1587"}],"wp:featuredmedia":[{"embeddable":true,"href":"https:\/\/monterrey.azmovimiento.com\/index.php\/wp-json\/wp\/v2\/media\/1588"}],"wp:attachment":[{"href":"https:\/\/monterrey.azmovimiento.com\/index.php\/wp-json\/wp\/v2\/media?parent=1587"}],"wp:term":[{"taxonomy":"product_brand","embeddable":true,"href":"https:\/\/monterrey.azmovimiento.com\/index.php\/wp-json\/wp\/v2\/product_brand?post=1587"},{"taxonomy":"product_cat","embeddable":true,"href":"https:\/\/monterrey.azmovimiento.com\/index.php\/wp-json\/wp\/v2\/product_cat?post=1587"},{"taxonomy":"product_tag","embeddable":true,"href":"https:\/\/monterrey.azmovimiento.com\/index.php\/wp-json\/wp\/v2\/product_tag?post=1587"}],"curies":[{"name":"wp","href":"https:\/\/api.w.org\/{rel}","templated":true}]}}